{"id":180,"date":"2023-01-29T14:04:21","date_gmt":"2023-01-29T13:04:21","guid":{"rendered":"https:\/\/zugspitzland-it.de\/?page_id=180"},"modified":"2023-01-29T14:06:43","modified_gmt":"2023-01-29T13:06:43","slug":"impressum","status":"publish","type":"page","link":"https:\/\/zugspitzland-it.de\/?page_id=180","title":{"rendered":"[ IMPRESSUM"},"content":{"rendered":"\n<pre class=\"wp-block-preformatted\"><strong>Anbieterkennzeichnung<\/strong>\nAnbieterin im Sinne des \u00a7 5 (1) Teledienstegesetz (TMG) , \u00a7 55 (1) Rundfunk-Staatsvertrag (RStV):\n\nRobert Weimann\nLeupolstra\u00dfe 20\n82487 Oberammergau\n\nTel: +49 8822 949 987\nFax: +49 8822 949 987\ne-Mail: weimann (\u00c4T) zugspitzland-it.de\nInternet: www.zugspitzland-it.de\n\nInhaber: Robert Weimann\nIdNr: 53 169 104 879\nGerichtstand: Garmisch-Partenkirchen\nVerantwortliche im Sinne von \u00a7 55 (2) Rundfunk-Staatsvertrag (RstV): Robert Weimann<\/pre>\n\n\n\n<p><em><strong>Haftungsausschluss<\/strong><\/em><\/p>\n\n\n\n<p><strong>1. Inhalt des Onlineangebotes<\/strong><br>Haftungsanspr\u00fcche gegen den Autor, die sich auf Sch\u00e4den materieller oder ideeller Art beziehen, welche durch die Nutzung oder Nichtnutzung der dargebotenen Informationen bzw. durch die Nutzung fehlerhafter und unvollst\u00e4ndiger Informationen verursacht wurden sind grunds\u00e4tzlich ausgeschlossen, sofern seitens des Autors kein nachweislich vors\u00e4tzliches oder grob fahrl\u00e4ssiges Verschulden vorliegt.<br>Alle Angebote sind freibleibend und unverbindlich.<br>Der Autor beh\u00e4lt es sich ausdr\u00fccklich vor, Teile der Seiten oder das gesamte Angebot ohne gesonderte Ank\u00fcndigung zu ver\u00e4ndern, zu erg\u00e4nzen, zu l\u00f6schen oder die Ver\u00f6ffentlichung zeitweise oder endg\u00fcltig einzustellen.<\/p>\n\n\n\n<p><strong>2. Verweise und Links<\/strong><br>Sofern auf Verweisziele (\u201eLinks\u201c) direkt oder indirekt verwiesen wird, die au\u00dferhalb des Verantwortungsbereiches des Autors liegen, haftet dieser in keinem Falle.<br>F\u00fcr dar\u00fcber hinausgehende Inhalte und insbesondere f\u00fcr Sch\u00e4den, die aus der Nutzung oder Nichtnutzung solcherart dargebotener Informationen entstehen, haftet allein der Anbieter der Seite, auf welche verwiesen wurde, nicht derjenige, der \u00fcber Links auf die jeweilige Ver\u00f6ffentlichung lediglich verweist. Diese Einschr\u00e4nkung gilt gleicherma\u00dfen auch f\u00fcr Fremdeintr\u00e4ge in vom Autor eingerichteten G\u00e4steb\u00fcchern, Diskussionsforen und Mailinglisten.<\/p>\n\n\n\n<p><strong>3. Urheberrecht<\/strong><br>Der Autor ist bestrebt, in allen Publikationen die Urheberrechte der verwendeten Grafiken und Texte zu beachten, von ihm selbst erstellte Grafiken und Texte zu nutzen oder auf lizenzfreie Grafiken und Texte zur\u00fcckzugreifen.<br>Sollte sich auf den jeweiligen Seiten dennoch eine ungekennzeichnete, aber durch fremdes Copyright gesch\u00fctzte Grafik oder Text befinden, so konnte das Copyright vom Autor nicht festgestellt werden. Im Falle einer solchen unbeabsichtigten Copyrightverletzung wird der Autor das entsprechende Objekt nach Benachrichtigung aus seiner Publikation entfernen bzw. mit dem entsprechenden Copyright kenntlich machen.<br>Das Copyright f\u00fcr ver\u00f6ffentlichte, vom Autor selbst erstellte Objekte bleibt allein beim Autor der Seiten. Eine Vervielf\u00e4ltigung oder Verwendung solcher Grafiken und Texte in anderen elektronischen oder gedruckten Publikationen ist ohne ausdr\u00fcckliche Zustimmung des Autors nicht gestattet.<\/p>\n\n\n\n<p><strong>4. Rechtswirksamkeit dieses Haftungsausschlusses<\/strong><br>Dieser Haftungsausschluss ist als Teil des Internetangebotes zu betrachten, von dem aus auf diese Seite verwiesen wurde. Sofern Teile oder einzelne Formulierungen dieses Textes der geltenden Rechtslage nicht, nicht mehr oder nicht vollst\u00e4ndig entsprechen sollten, bleiben die \u00fcbrigen Teile des Dokumentes in ihrem Inhalt und ihrer G\u00fcltigkeit davon unber\u00fchrt.<\/p>\n\n\n\n<p><strong>5. Autor<\/strong><br>Der Autor des Zugspitzland-it.de &#8211; Internetauftrittes ist Herr Robert Weimann<\/p>\n\n\n\n<p><strong>6. Rechtswirksamkeit:<\/strong><br>Dieser Haftungsausschluss ist als Teil des Internetangebotes zu betrachten, von dem aus auf diese Seite verwiesen wurde. Sofern Teile oder einzelne Formulierungen dieses Textes der geltenden Rechtslage nicht, nichtmehr oder nicht vollst\u00e4ndig entsprechen sollten, bleiben die \u00fcbrigen Teile des Dokumentes in ihrem Inhalt und Ihrer G\u00fcltigkeit hiervon unber\u00fchrt.<\/p>\n","protected":false},"excerpt":{"rendered":"<p>Anbieterkennzeichnung Anbieterin im Sinne des \u00a7 5 (1) Teledienstegesetz (TMG) , \u00a7 55 (1) Rundfunk-Staatsvertrag (RStV): Robert Weimann Leupolstra\u00dfe 20 82487 Oberammergau Tel: +49 8822 949 987 Fax: +49 8822 949 987 e-Mail: weimann (\u00c4T) zugspitzland-it.de Internet: www.zugspitzland-it.de Inhaber: Robert<\/p>\n","protected":false},"author":1,"featured_media":0,"parent":0,"menu_order":0,"comment_status":"closed","ping_status":"closed","template":"","meta":{"footnotes":""},"class_list":["post-180","page","type-page","status-publish","hentry"],"_links":{"self":[{"href":"https:\/\/zugspitzland-it.de\/index.php?rest_route=\/wp\/v2\/pages\/180","targetHints":{"allow":["GET"]}}],"collection":[{"href":"https:\/\/zugspitzland-it.de\/index.php?rest_route=\/wp\/v2\/pages"}],"about":[{"href":"https:\/\/zugspitzland-it.de\/index.php?rest_route=\/wp\/v2\/types\/page"}],"author":[{"embeddable":true,"href":"https:\/\/zugspitzland-it.de\/index.php?rest_route=\/wp\/v2\/users\/1"}],"replies":[{"embeddable":true,"href":"https:\/\/zugspitzland-it.de\/index.php?rest_route=%2Fwp%2Fv2%2Fcomments&post=180"}],"version-history":[{"count":3,"href":"https:\/\/zugspitzland-it.de\/index.php?rest_route=\/wp\/v2\/pages\/180\/revisions"}],"predecessor-version":[{"id":184,"href":"https:\/\/zugspitzland-it.de\/index.php?rest_route=\/wp\/v2\/pages\/180\/revisions\/184"}],"wp:attachment":[{"href":"https:\/\/zugspitzland-it.de\/index.php?rest_route=%2Fwp%2Fv2%2Fmedia&parent=180"}],"curies":[{"name":"wp","href":"https:\/\/api.w.org\/{rel}","templated":true}]}}